{"id":223,"date":"2015-11-29T22:25:48","date_gmt":"2015-11-29T21:25:48","guid":{"rendered":"http:\/\/www.tabisso.com\/?page_id=223"},"modified":"2019-05-03T12:14:23","modified_gmt":"2019-05-03T10:14:23","slug":"a-propos","status":"publish","type":"page","link":"https:\/\/tabisso.com\/fr\/a-propos\/","title":{"rendered":"\u00c0 propos"},"content":{"rendered":"<h2>Bienvenue chez TABISSO, une maison d&rsquo;\u00e9dition fran\u00e7aise fond\u00e9e en 2010, bas\u00e9e \u00e0\u00a0Pornichet\u00a0\u00a0avec vue imprenable sur le grand large.<\/h2>\n","protected":false},"excerpt":{"rendered":"<p>Bienvenue chez TABISSO, une maison d&rsquo;\u00e9dition fran\u00e7aise fond\u00e9e en 2010, bas\u00e9e \u00e0\u00a0Pornichet\u00a0\u00a0avec vue imprenable sur le grand large.<\/p>\n","protected":false},"author":1,"featured_media":0,"parent":0,"menu_order":13,"comment_status":"closed","ping_status":"closed","template":"tm-about.php","meta":{"passster_activate_protection":false,"passster_protect_child_pages":"","passster_protection_type":"password","passster_password":"","passster_activate_overwrite_defaults":"","passster_headline":"","passster_instruction":"","passster_placeholder":"","passster_button":"","passster_id":"","passster_activate_misc_settings":"","passster_redirect_url":"","passster_hide":"no","passster_area_shortcode":""},"acf":[],"yoast_head":"<!-- This site is optimized with the Yoast SEO plugin v20.1 - https:\/\/yoast.com\/wordpress\/plugins\/seo\/ -->\n<title>\u00c0 propos &ndash; TABISSO<\/title>\n<meta name=\"robots\" content=\"index, follow, max-snippet:-1, max-image-preview:large, max-video-preview:-1\" \/>\n<link rel=\"canonical\" href=\"https:\/\/tabisso.com\/fr\/a-propos\/\" \/>\n<meta property=\"og:locale\" content=\"fr_FR\" \/>\n<meta property=\"og:type\" content=\"article\" \/>\n<meta property=\"og:title\" content=\"\u00c0 propos &ndash; TABISSO\" \/>\n<meta property=\"og:description\" content=\"Bienvenue chez TABISSO, une maison d&rsquo;\u00e9dition fran\u00e7aise fond\u00e9e en 2010, bas\u00e9e \u00e0\u00a0Pornichet\u00a0\u00a0avec vue imprenable sur le grand large.\" \/>\n<meta property=\"og:url\" content=\"https:\/\/tabisso.com\/fr\/a-propos\/\" \/>\n<meta property=\"og:site_name\" content=\"TABISSO\" \/>\n<meta property=\"article:modified_time\" content=\"2019-05-03T10:14:23+00:00\" \/>\n<meta name=\"twitter:card\" content=\"summary_large_image\" \/>\n<script type=\"application\/ld+json\" class=\"yoast-schema-graph\">{\"@context\":\"https:\/\/schema.org\",\"@graph\":[{\"@type\":\"WebPage\",\"@id\":\"https:\/\/tabisso.com\/fr\/a-propos\/\",\"url\":\"https:\/\/tabisso.com\/fr\/a-propos\/\",\"name\":\"\u00c0 propos &ndash; TABISSO\",\"isPartOf\":{\"@id\":\"https:\/\/tabisso.com\/#website\"},\"datePublished\":\"2015-11-29T21:25:48+00:00\",\"dateModified\":\"2019-05-03T10:14:23+00:00\",\"breadcrumb\":{\"@id\":\"https:\/\/tabisso.com\/fr\/a-propos\/#breadcrumb\"},\"inLanguage\":\"fr-FR\",\"potentialAction\":[{\"@type\":\"ReadAction\",\"target\":[\"https:\/\/tabisso.com\/fr\/a-propos\/\"]}]},{\"@type\":\"BreadcrumbList\",\"@id\":\"https:\/\/tabisso.com\/fr\/a-propos\/#breadcrumb\",\"itemListElement\":[{\"@type\":\"ListItem\",\"position\":1,\"name\":\"Home\",\"item\":\"https:\/\/tabisso.com\/fr\/\"},{\"@type\":\"ListItem\",\"position\":2,\"name\":\"\u00c0 propos\"}]},{\"@type\":\"WebSite\",\"@id\":\"https:\/\/tabisso.com\/#website\",\"url\":\"https:\/\/tabisso.com\/\",\"name\":\"TABISSO\",\"description\":\"Bienvenue \u00e0 notre monde de design de qualit\u00e9 o\u00f9 le confort et l'innovation priment. Made in France.\",\"publisher\":{\"@id\":\"https:\/\/tabisso.com\/#organization\"},\"potentialAction\":[{\"@type\":\"SearchAction\",\"target\":{\"@type\":\"EntryPoint\",\"urlTemplate\":\"https:\/\/tabisso.com\/?s={search_term_string}\"},\"query-input\":\"required name=search_term_string\"}],\"inLanguage\":\"fr-FR\"},{\"@type\":\"Organization\",\"@id\":\"https:\/\/tabisso.com\/#organization\",\"name\":\"TABISSO\",\"url\":\"https:\/\/tabisso.com\/\",\"logo\":{\"@type\":\"ImageObject\",\"inLanguage\":\"fr-FR\",\"@id\":\"https:\/\/tabisso.com\/#\/schema\/logo\/image\/\",\"url\":\"https:\/\/www.tabisso.com\/wp-content\/uploads\/2015\/12\/wp-logo-tabisso.png\",\"contentUrl\":\"https:\/\/www.tabisso.com\/wp-content\/uploads\/2015\/12\/wp-logo-tabisso.png\",\"width\":768,\"height\":160,\"caption\":\"TABISSO\"},\"image\":{\"@id\":\"https:\/\/tabisso.com\/#\/schema\/logo\/image\/\"}}]}<\/script>\n<!-- \/ Yoast SEO plugin. -->","yoast_head_json":{"title":"\u00c0 propos &ndash; TABISSO","robots":{"index":"index","follow":"follow","max-snippet":"max-snippet:-1","max-image-preview":"max-image-preview:large","max-video-preview":"max-video-preview:-1"},"canonical":"https:\/\/tabisso.com\/fr\/a-propos\/","og_locale":"fr_FR","og_type":"article","og_title":"\u00c0 propos &ndash; TABISSO","og_description":"Bienvenue chez TABISSO, une maison d&rsquo;\u00e9dition fran\u00e7aise fond\u00e9e en 2010, bas\u00e9e \u00e0\u00a0Pornichet\u00a0\u00a0avec vue imprenable sur le grand large.","og_url":"https:\/\/tabisso.com\/fr\/a-propos\/","og_site_name":"TABISSO","article_modified_time":"2019-05-03T10:14:23+00:00","twitter_card":"summary_large_image","schema":{"@context":"https:\/\/schema.org","@graph":[{"@type":"WebPage","@id":"https:\/\/tabisso.com\/fr\/a-propos\/","url":"https:\/\/tabisso.com\/fr\/a-propos\/","name":"\u00c0 propos &ndash; TABISSO","isPartOf":{"@id":"https:\/\/tabisso.com\/#website"},"datePublished":"2015-11-29T21:25:48+00:00","dateModified":"2019-05-03T10:14:23+00:00","breadcrumb":{"@id":"https:\/\/tabisso.com\/fr\/a-propos\/#breadcrumb"},"inLanguage":"fr-FR","potentialAction":[{"@type":"ReadAction","target":["https:\/\/tabisso.com\/fr\/a-propos\/"]}]},{"@type":"BreadcrumbList","@id":"https:\/\/tabisso.com\/fr\/a-propos\/#breadcrumb","itemListElement":[{"@type":"ListItem","position":1,"name":"Home","item":"https:\/\/tabisso.com\/fr\/"},{"@type":"ListItem","position":2,"name":"\u00c0 propos"}]},{"@type":"WebSite","@id":"https:\/\/tabisso.com\/#website","url":"https:\/\/tabisso.com\/","name":"TABISSO","description":"Bienvenue \u00e0 notre monde de design de qualit\u00e9 o\u00f9 le confort et l'innovation priment. Made in France.","publisher":{"@id":"https:\/\/tabisso.com\/#organization"},"potentialAction":[{"@type":"SearchAction","target":{"@type":"EntryPoint","urlTemplate":"https:\/\/tabisso.com\/?s={search_term_string}"},"query-input":"required name=search_term_string"}],"inLanguage":"fr-FR"},{"@type":"Organization","@id":"https:\/\/tabisso.com\/#organization","name":"TABISSO","url":"https:\/\/tabisso.com\/","logo":{"@type":"ImageObject","inLanguage":"fr-FR","@id":"https:\/\/tabisso.com\/#\/schema\/logo\/image\/","url":"https:\/\/www.tabisso.com\/wp-content\/uploads\/2015\/12\/wp-logo-tabisso.png","contentUrl":"https:\/\/www.tabisso.com\/wp-content\/uploads\/2015\/12\/wp-logo-tabisso.png","width":768,"height":160,"caption":"TABISSO"},"image":{"@id":"https:\/\/tabisso.com\/#\/schema\/logo\/image\/"}}]}},"_links":{"self":[{"href":"https:\/\/tabisso.com\/fr\/wp-json\/wp\/v2\/pages\/223"}],"collection":[{"href":"https:\/\/tabisso.com\/fr\/wp-json\/wp\/v2\/pages"}],"about":[{"href":"https:\/\/tabisso.com\/fr\/wp-json\/wp\/v2\/types\/page"}],"author":[{"embeddable":true,"href":"https:\/\/tabisso.com\/fr\/wp-json\/wp\/v2\/users\/1"}],"replies":[{"embeddable":true,"href":"https:\/\/tabisso.com\/fr\/wp-json\/wp\/v2\/comments?post=223"}],"version-history":[{"count":0,"href":"https:\/\/tabisso.com\/fr\/wp-json\/wp\/v2\/pages\/223\/revisions"}],"wp:attachment":[{"href":"https:\/\/tabisso.com\/fr\/wp-json\/wp\/v2\/media?parent=223"}],"curies":[{"name":"wp","href":"https:\/\/api.w.org\/{rel}","templated":true}]}}