{"id":247,"date":"2015-11-29T22:34:00","date_gmt":"2015-11-29T21:34:00","guid":{"rendered":"http:\/\/www.tabisso.com\/?page_id=247"},"modified":"2018-07-03T14:38:33","modified_gmt":"2018-07-03T12:38:33","slug":"contact","status":"publish","type":"page","link":"https:\/\/tabisso.com\/fr\/contact\/","title":{"rendered":"Contact"},"content":{"rendered":"<h3>Lancez vous<\/h3>\n\n<div class=\"wpcf7 no-js\" id=\"wpcf7-f3656-o1\" lang=\"en-US\" dir=\"ltr\">\n<div class=\"screen-reader-response\"><p role=\"status\" aria-live=\"polite\" aria-atomic=\"true\"><\/p> <ul><\/ul><\/div>\n<form action=\"\/fr\/wp-json\/wp\/v2\/pages\/247#wpcf7-f3656-o1\" method=\"post\" class=\"wpcf7-form init\" aria-label=\"Contact form\" novalidate=\"novalidate\" data-status=\"init\">\n<div style=\"display: none;\">\n<input type=\"hidden\" name=\"_wpcf7\" value=\"3656\" \/>\n<input type=\"hidden\" name=\"_wpcf7_version\" value=\"5.7.4\" \/>\n<input type=\"hidden\" name=\"_wpcf7_locale\" value=\"en_US\" \/>\n<input type=\"hidden\" name=\"_wpcf7_unit_tag\" value=\"wpcf7-f3656-o1\" \/>\n<input type=\"hidden\" name=\"_wpcf7_container_post\" value=\"0\" \/>\n<input type=\"hidden\" name=\"_wpcf7_posted_data_hash\" value=\"\" \/>\n<input type=\"hidden\" name=\"_wpcf7_recaptcha_response\" value=\"\" \/>\n<\/div>\n<p class=\"left\">Pr\u00e9nom<span class=\"required\">*<\/span><span class=\"wpcf7-form-control-wrap\" data-name=\"your-firstname\"><input size=\"40\" class=\"wpcf7-form-control wpcf7-text wpcf7-validates-as-required\" aria-required=\"true\" aria-invalid=\"false\" value=\"\" type=\"text\" name=\"your-firstname\" \/><\/span>\n<\/p>\n<p class=\"right\">Nom<span class=\"wpcf7-form-control-wrap\" data-name=\"your-lastname\"><input size=\"40\" class=\"wpcf7-form-control wpcf7-text\" aria-invalid=\"false\" value=\"\" type=\"text\" name=\"your-lastname\" \/><\/span>\n<\/p>\n<p class=\"clear\">Email<span class=\"required\">*<\/span>\n<\/p>\n<p><span class=\"wpcf7-form-control-wrap\" data-name=\"your-email\"><input size=\"40\" class=\"wpcf7-form-control wpcf7-text wpcf7-email wpcf7-validates-as-required wpcf7-validates-as-email\" aria-required=\"true\" aria-invalid=\"false\" value=\"\" type=\"email\" name=\"your-email\" \/><\/span>\n<\/p>\n<p>Site Web\n<\/p>\n<p><span class=\"wpcf7-form-control-wrap\" data-name=\"your-website\"><input size=\"40\" class=\"wpcf7-form-control wpcf7-text wpcf7-url wpcf7-validates-as-url\" aria-invalid=\"false\" value=\"\" type=\"url\" name=\"your-website\" \/><\/span>\n<\/p>\n<p>Pays<span class=\"required\">*<\/span>\n<\/p>\n<p><span class=\"wpcf7-form-control-wrap\" data-name=\"your-country\"><select class=\"wpcf7-form-control wpcf7-select\" aria-invalid=\"false\" name=\"your-country\"><option value=\"France\">France<\/option><option value=\"Veuillez choisir un pays...\">Veuillez choisir un pays...<\/option><option value=\"France\">France<\/option><option value=\"United States\">United States<\/option><option value=\"England\">England<\/option><option value=\"Aruba\">Aruba<\/option><option value=\"Afghanistan\">Afghanistan<\/option><option value=\"Angola\">Angola<\/option><option value=\"Albania\">Albania<\/option><option value=\"Andorra\">Andorra<\/option><option value=\"United Arab Emirates\">United Arab Emirates<\/option><option value=\"Argentina\">Argentina<\/option><option value=\"Armenia\">Armenia<\/option><option value=\"American Samoa\">American Samoa<\/option><option value=\"Antigua and Barbuda\">Antigua and Barbuda<\/option><option value=\"Australia\">Australia<\/option><option value=\"Austria\">Austria<\/option><option value=\"Azerbaijan\">Azerbaijan<\/option><option value=\"Burundi\">Burundi<\/option><option value=\"Belgium\">Belgium<\/option><option value=\"Benin\">Benin<\/option><option value=\"Burkina Faso\">Burkina Faso<\/option><option value=\"Bangladesh\">Bangladesh<\/option><option value=\"Bulgaria\">Bulgaria<\/option><option value=\"Bahrain\">Bahrain<\/option><option value=\"Bahamas\">Bahamas<\/option><option value=\"Bosnia and Herzegovina\">Bosnia and Herzegovina<\/option><option value=\"Belarus\">Belarus<\/option><option value=\"Belize\">Belize<\/option><option value=\"Bermuda\">Bermuda<\/option><option value=\"Bolivia, Plurinational State of\">Bolivia, Plurinational State of<\/option><option value=\"Brazil\">Brazil<\/option><option value=\"Barbados\">Barbados<\/option><option value=\"Brunei Darussalam\">Brunei Darussalam<\/option><option value=\"Bhutan\">Bhutan<\/option><option value=\"Botswana\">Botswana<\/option><option value=\"Central African Republic\">Central African Republic<\/option><option value=\"Canada\">Canada<\/option><option value=\"Switzerland\">Switzerland<\/option><option value=\"Chile\">Chile<\/option><option value=\"China\">China<\/option><option value=\"C\u00f4te d\u2019Ivoire\">C\u00f4te d\u2019Ivoire<\/option><option value=\"Cameroon\">Cameroon<\/option><option value=\"Congo, the Democratic Republic of the\">Congo, the Democratic Republic of the<\/option><option value=\"Congo\">Congo<\/option><option value=\"Cook Islands\">Cook Islands<\/option><option value=\"Colombia\">Colombia<\/option><option value=\"Comoros\">Comoros<\/option><option value=\"Cape Verde\">Cape Verde<\/option><option value=\"Costa Rica\">Costa Rica<\/option><option value=\"Cuba\">Cuba<\/option><option value=\"Cayman Islands\">Cayman Islands<\/option><option value=\"Cyprus\">Cyprus<\/option><option value=\"Czech Republic\">Czech Republic<\/option><option value=\"Germany\">Germany<\/option><option value=\"Djibouti\">Djibouti<\/option><option value=\"Dominica\">Dominica<\/option><option value=\"Denmark\">Denmark<\/option><option value=\"Dominican Republic\">Dominican Republic<\/option><option value=\"Algeria\">Algeria<\/option><option value=\"Ecuador\">Ecuador<\/option><option value=\"Egypt\">Egypt<\/option><option value=\"Eritrea\">Eritrea<\/option><option value=\"Spain\">Spain<\/option><option value=\"Estonia\">Estonia<\/option><option value=\"Ethiopia\">Ethiopia<\/option><option value=\"Finland\">Finland<\/option><option value=\"Fiji\">Fiji<\/option><option value=\"France\">France<\/option><option value=\"Micronesia, Federated States of\">Micronesia, Federated States of<\/option><option value=\"Gabon\">Gabon<\/option><option value=\"United Kingdom\">United Kingdom<\/option><option value=\"Georgia\">Georgia<\/option><option value=\"Ghana\">Ghana<\/option><option value=\"Guinea\">Guinea<\/option><option value=\"Gambia\">Gambia<\/option><option value=\"Guinea-Bissau\">Guinea-Bissau<\/option><option value=\"Equatorial Guinea\">Equatorial Guinea<\/option><option value=\"Greece\">Greece<\/option><option value=\"Grenada\">Grenada<\/option><option value=\"Guatemala\">Guatemala<\/option><option value=\"Guam\">Guam<\/option><option value=\"Guyana\">Guyana<\/option><option value=\"Hong Kong\">Hong Kong<\/option><option value=\"Honduras\">Honduras<\/option><option value=\"Croatia\">Croatia<\/option><option value=\"Haiti\">Haiti<\/option><option value=\"Hungary\">Hungary<\/option><option value=\"Indonesia\">Indonesia<\/option><option value=\"India\">India<\/option><option value=\"Ireland\">Ireland<\/option><option value=\"Iran, Islamic Republic of\">Iran, Islamic Republic of<\/option><option value=\"Iraq\">Iraq<\/option><option value=\"Iceland\">Iceland<\/option><option value=\"Israel\">Israel<\/option><option value=\"Italy\">Italy<\/option><option value=\"Jamaica\">Jamaica<\/option><option value=\"Jordan\">Jordan<\/option><option value=\"Japan\">Japan<\/option><option value=\"Kazakhstan\">Kazakhstan<\/option><option value=\"Kenya\">Kenya<\/option><option value=\"Kyrgyzstan\">Kyrgyzstan<\/option><option value=\"Cambodia\">Cambodia<\/option><option value=\"Kiribati\">Kiribati<\/option><option value=\"Saint Kitts and Nevis\">Saint Kitts and Nevis<\/option><option value=\"Korea, Republic of\">Korea, Republic of<\/option><option value=\"Kuwait\">Kuwait<\/option><option value=\"Lao People\u2019s Democratic Republic\">Lao People\u2019s Democratic Republic<\/option><option value=\"Lebanon\">Lebanon<\/option><option value=\"Liberia\">Liberia<\/option><option value=\"Libya\">Libya<\/option><option value=\"Saint Lucia\">Saint Lucia<\/option><option value=\"Liechtenstein\">Liechtenstein<\/option><option value=\"Sri Lanka\">Sri Lanka<\/option><option value=\"Lesotho\">Lesotho<\/option><option value=\"Lithuania\">Lithuania<\/option><option value=\"Luxembourg\">Luxembourg<\/option><option value=\"Latvia\">Latvia<\/option><option value=\"Morocco\">Morocco<\/option><option value=\"Monaco\">Monaco<\/option><option value=\"Moldova, Republic of\">Moldova, Republic of<\/option><option value=\"Madagascar\">Madagascar<\/option><option value=\"Maldives\">Maldives<\/option><option value=\"Mexico\">Mexico<\/option><option value=\"Marshall Islands\">Marshall Islands<\/option><option value=\"Macedonia, the former Yugoslav Republic of\">Macedonia, the former Yugoslav Republic of<\/option><option value=\"Mali\">Mali<\/option><option value=\"Malta\">Malta<\/option><option value=\"Myanmar\">Myanmar<\/option><option value=\"Montenegro\">Montenegro<\/option><option value=\"Mongolia\">Mongolia<\/option><option value=\"Mozambique\">Mozambique<\/option><option value=\"Mauritania\">Mauritania<\/option><option value=\"Mauritius\">Mauritius<\/option><option value=\"Malawi\">Malawi<\/option><option value=\"Malaysia\">Malaysia<\/option><option value=\"Namibia\">Namibia<\/option><option value=\"Niger\">Niger<\/option><option value=\"Nigeria\">Nigeria<\/option><option value=\"Nicaragua\">Nicaragua<\/option><option value=\"Netherlands\">Netherlands<\/option><option value=\"Norway\">Norway<\/option><option value=\"Nepal\">Nepal<\/option><option value=\"Nauru\">Nauru<\/option><option value=\"New Zealand\">New Zealand<\/option><option value=\"Oman\">Oman<\/option><option value=\"Pakistan\">Pakistan<\/option><option value=\"Panama\">Panama<\/option><option value=\"Peru\">Peru<\/option><option value=\"Philippines\">Philippines<\/option><option value=\"Palau\">Palau<\/option><option value=\"Papua New Guinea\">Papua New Guinea<\/option><option value=\"Poland\">Poland<\/option><option value=\"Puerto Rico\">Puerto Rico<\/option><option value=\"Korea, Democratic People\u2019s Republic of\">Korea, Democratic People\u2019s Republic of<\/option><option value=\"Portugal\">Portugal<\/option><option value=\"Paraguay\">Paraguay<\/option><option value=\"Palestine, State of\">Palestine, State of<\/option><option value=\"Qatar\">Qatar<\/option><option value=\"Romania\">Romania<\/option><option value=\"Russian Federation\">Russian Federation<\/option><option value=\"Rwanda\">Rwanda<\/option><option value=\"Saudi Arabia\">Saudi Arabia<\/option><option value=\"Sudan\">Sudan<\/option><option value=\"Senegal\">Senegal<\/option><option value=\"Singapore\">Singapore<\/option><option value=\"Solomon Islands\">Solomon Islands<\/option><option value=\"Sierra Leone\">Sierra Leone<\/option><option value=\"El Salvador\">El Salvador<\/option><option value=\"San Marino\">San Marino<\/option><option value=\"Somalia\">Somalia<\/option><option value=\"Serbia\">Serbia<\/option><option value=\"Sao Tome and Principe\">Sao Tome and Principe<\/option><option value=\"Suriname\">Suriname<\/option><option value=\"Slovakia\">Slovakia<\/option><option value=\"Slovenia\">Slovenia<\/option><option value=\"Sweden\">Sweden<\/option><option value=\"Swaziland\">Swaziland<\/option><option value=\"Seychelles\">Seychelles<\/option><option value=\"Syrian Arab Republic\">Syrian Arab Republic<\/option><option value=\"Chad\">Chad<\/option><option value=\"Togo\">Togo<\/option><option value=\"Thailand\">Thailand<\/option><option value=\"Tajikistan\">Tajikistan<\/option><option value=\"Turkmenistan\">Turkmenistan<\/option><option value=\"Timor-Leste\">Timor-Leste<\/option><option value=\"Tonga\">Tonga<\/option><option value=\"Trinidad and Tobago\">Trinidad and Tobago<\/option><option value=\"Tunisia\">Tunisia<\/option><option value=\"Turkey\">Turkey<\/option><option value=\"Tuvalu\">Tuvalu<\/option><option value=\"Taiwan, Province of China\">Taiwan, Province of China<\/option><option value=\"Tanzania, United Republic of\">Tanzania, United Republic of<\/option><option value=\"Uganda\">Uganda<\/option><option value=\"Ukraine\">Ukraine<\/option><option value=\"Uruguay\">Uruguay<\/option><option value=\"United States\">United States<\/option><option value=\"Uzbekistan\">Uzbekistan<\/option><option value=\"Saint Vincent and the Grenadines\">Saint Vincent and the Grenadines<\/option><option value=\"Venezuela, Bolivarian Republic of\">Venezuela, Bolivarian Republic of<\/option><option value=\"Virgin Islands, U.S.\">Virgin Islands, U.S.<\/option><option value=\"Viet Nam\">Viet Nam<\/option><option value=\"Vanuatu\">Vanuatu<\/option><option value=\"Samoa\">Samoa<\/option><option value=\"Yemen\">Yemen<\/option><option value=\"South Africa\">South Africa<\/option><option value=\"Zambia\">Zambia<\/option><option value=\"Zimbabwe\">Zimbabwe<\/option><\/select><\/span>\n<\/p>\n<p>Votre profession:\n<\/p>\n<p><span class=\"wpcf7-form-control-wrap\" data-name=\"your-position\"><select class=\"wpcf7-form-control wpcf7-select\" aria-invalid=\"false\" name=\"your-position\"><option value=\"Architecte \/ Chef de Projet\">Architecte \/ Chef de Projet<\/option><option value=\"Entreprise \/ Institution \/ Particulier\">Entreprise \/ Institution \/ Particulier<\/option><option value=\"Distributeur \/ Revendeur\">Distributeur \/ Revendeur<\/option><option value=\"Presse\">Presse<\/option><option value=\"Autre\">Autre<\/option><\/select><\/span>\n<\/p>\n<p>Comment vous nous avez trouv\u00e9?\n<\/p>\n<p><span class=\"wpcf7-form-control-wrap\" data-name=\"referrer\"><select class=\"wpcf7-form-control wpcf7-select\" aria-invalid=\"false\" name=\"referrer\"><option value=\"Google \/ Blogs\">Google \/ Blogs<\/option><option value=\"Architonic\">Architonic<\/option><option value=\"Archiproducts\">Archiproducts<\/option><option value=\"Pinterest\">Pinterest<\/option><option value=\"Recommand\u00e9 par un ami, coll\u00e8gue\">Recommand\u00e9 par un ami, coll\u00e8gue<\/option><option value=\"Presse\">Presse<\/option><option value=\"Exposition \/ Salon\">Exposition \/ Salon<\/option><option value=\"Distributeur \/ Show Room\">Distributeur \/ Show Room<\/option><option value=\"Autre\">Autre<\/option><\/select><\/span>\n<\/p>\n<p>Votre message\n<\/p>\n<p><span class=\"wpcf7-form-control-wrap\" data-name=\"your-message\"><textarea cols=\"40\" rows=\"10\" class=\"wpcf7-form-control wpcf7-textarea\" aria-invalid=\"false\" name=\"your-message\"><\/textarea><\/span>\n<\/p>\n<p>Que pensez vous de notre site?\n<\/p>\n<p><span class=\"wpcf7-form-control-wrap\" data-name=\"website-rating\"><select class=\"wpcf7-form-control wpcf7-select\" aria-invalid=\"false\" name=\"website-rating\"><option value=\"Tr\u00e8s bien\">Tr\u00e8s bien<\/option><option value=\"Bien\">Bien<\/option><option value=\"Moyen\">Moyen<\/option><option value=\"D\u00e9cevant\">D\u00e9cevant<\/option><\/select><\/span>\n<\/p>\n<p><input class=\"wpcf7-form-control has-spinner wpcf7-submit\" type=\"submit\" value=\"Envoyer\" \/>\n<\/p><div class=\"wpcf7-response-output\" aria-hidden=\"true\"><\/div>\n<\/form>\n<\/div>\n\n","protected":false},"excerpt":{"rendered":"<p>Lancez vous<\/p>\n","protected":false},"author":1,"featured_media":0,"parent":0,"menu_order":17,"comment_status":"closed","ping_status":"closed","template":"tm-contact.php","meta":{"passster_activate_protection":false,"passster_protect_child_pages":"","passster_protection_type":"password","passster_password":"","passster_activate_overwrite_defaults":"","passster_headline":"","passster_instruction":"","passster_placeholder":"","passster_button":"","passster_id":"","passster_activate_misc_settings":"","passster_redirect_url":"","passster_hide":"no","passster_area_shortcode":""},"acf":[],"yoast_head":"<!-- This site is optimized with the Yoast SEO plugin v20.1 - https:\/\/yoast.com\/wordpress\/plugins\/seo\/ -->\n<title>Contact &ndash; TABISSO<\/title>\n<meta name=\"robots\" content=\"index, follow, max-snippet:-1, max-image-preview:large, max-video-preview:-1\" \/>\n<link rel=\"canonical\" href=\"https:\/\/tabisso.com\/fr\/contact\/\" \/>\n<meta property=\"og:locale\" content=\"fr_FR\" \/>\n<meta property=\"og:type\" content=\"article\" \/>\n<meta property=\"og:title\" content=\"Contact &ndash; TABISSO\" \/>\n<meta property=\"og:description\" content=\"Lancez vous\" \/>\n<meta property=\"og:url\" content=\"https:\/\/tabisso.com\/fr\/contact\/\" \/>\n<meta property=\"og:site_name\" content=\"TABISSO\" \/>\n<meta property=\"article:modified_time\" content=\"2018-07-03T12:38:33+00:00\" \/>\n<meta name=\"twitter:card\" content=\"summary_large_image\" \/>\n<script type=\"application\/ld+json\" class=\"yoast-schema-graph\">{\"@context\":\"https:\/\/schema.org\",\"@graph\":[{\"@type\":\"WebPage\",\"@id\":\"https:\/\/tabisso.com\/fr\/contact\/\",\"url\":\"https:\/\/tabisso.com\/fr\/contact\/\",\"name\":\"Contact &ndash; TABISSO\",\"isPartOf\":{\"@id\":\"https:\/\/tabisso.com\/#website\"},\"datePublished\":\"2015-11-29T21:34:00+00:00\",\"dateModified\":\"2018-07-03T12:38:33+00:00\",\"breadcrumb\":{\"@id\":\"https:\/\/tabisso.com\/fr\/contact\/#breadcrumb\"},\"inLanguage\":\"fr-FR\",\"potentialAction\":[{\"@type\":\"ReadAction\",\"target\":[\"https:\/\/tabisso.com\/fr\/contact\/\"]}]},{\"@type\":\"BreadcrumbList\",\"@id\":\"https:\/\/tabisso.com\/fr\/contact\/#breadcrumb\",\"itemListElement\":[{\"@type\":\"ListItem\",\"position\":1,\"name\":\"Home\",\"item\":\"https:\/\/tabisso.com\/fr\/\"},{\"@type\":\"ListItem\",\"position\":2,\"name\":\"Contact\"}]},{\"@type\":\"WebSite\",\"@id\":\"https:\/\/tabisso.com\/#website\",\"url\":\"https:\/\/tabisso.com\/\",\"name\":\"TABISSO\",\"description\":\"Bienvenue \u00e0 notre monde de design de qualit\u00e9 o\u00f9 le confort et l'innovation priment. Made in France.\",\"publisher\":{\"@id\":\"https:\/\/tabisso.com\/#organization\"},\"potentialAction\":[{\"@type\":\"SearchAction\",\"target\":{\"@type\":\"EntryPoint\",\"urlTemplate\":\"https:\/\/tabisso.com\/?s={search_term_string}\"},\"query-input\":\"required name=search_term_string\"}],\"inLanguage\":\"fr-FR\"},{\"@type\":\"Organization\",\"@id\":\"https:\/\/tabisso.com\/#organization\",\"name\":\"TABISSO\",\"url\":\"https:\/\/tabisso.com\/\",\"logo\":{\"@type\":\"ImageObject\",\"inLanguage\":\"fr-FR\",\"@id\":\"https:\/\/tabisso.com\/#\/schema\/logo\/image\/\",\"url\":\"https:\/\/www.tabisso.com\/wp-content\/uploads\/2015\/12\/wp-logo-tabisso.png\",\"contentUrl\":\"https:\/\/www.tabisso.com\/wp-content\/uploads\/2015\/12\/wp-logo-tabisso.png\",\"width\":768,\"height\":160,\"caption\":\"TABISSO\"},\"image\":{\"@id\":\"https:\/\/tabisso.com\/#\/schema\/logo\/image\/\"}}]}<\/script>\n<!-- \/ Yoast SEO plugin. -->","yoast_head_json":{"title":"Contact &ndash; TABISSO","robots":{"index":"index","follow":"follow","max-snippet":"max-snippet:-1","max-image-preview":"max-image-preview:large","max-video-preview":"max-video-preview:-1"},"canonical":"https:\/\/tabisso.com\/fr\/contact\/","og_locale":"fr_FR","og_type":"article","og_title":"Contact &ndash; TABISSO","og_description":"Lancez vous","og_url":"https:\/\/tabisso.com\/fr\/contact\/","og_site_name":"TABISSO","article_modified_time":"2018-07-03T12:38:33+00:00","twitter_card":"summary_large_image","schema":{"@context":"https:\/\/schema.org","@graph":[{"@type":"WebPage","@id":"https:\/\/tabisso.com\/fr\/contact\/","url":"https:\/\/tabisso.com\/fr\/contact\/","name":"Contact &ndash; TABISSO","isPartOf":{"@id":"https:\/\/tabisso.com\/#website"},"datePublished":"2015-11-29T21:34:00+00:00","dateModified":"2018-07-03T12:38:33+00:00","breadcrumb":{"@id":"https:\/\/tabisso.com\/fr\/contact\/#breadcrumb"},"inLanguage":"fr-FR","potentialAction":[{"@type":"ReadAction","target":["https:\/\/tabisso.com\/fr\/contact\/"]}]},{"@type":"BreadcrumbList","@id":"https:\/\/tabisso.com\/fr\/contact\/#breadcrumb","itemListElement":[{"@type":"ListItem","position":1,"name":"Home","item":"https:\/\/tabisso.com\/fr\/"},{"@type":"ListItem","position":2,"name":"Contact"}]},{"@type":"WebSite","@id":"https:\/\/tabisso.com\/#website","url":"https:\/\/tabisso.com\/","name":"TABISSO","description":"Bienvenue \u00e0 notre monde de design de qualit\u00e9 o\u00f9 le confort et l'innovation priment. Made in France.","publisher":{"@id":"https:\/\/tabisso.com\/#organization"},"potentialAction":[{"@type":"SearchAction","target":{"@type":"EntryPoint","urlTemplate":"https:\/\/tabisso.com\/?s={search_term_string}"},"query-input":"required name=search_term_string"}],"inLanguage":"fr-FR"},{"@type":"Organization","@id":"https:\/\/tabisso.com\/#organization","name":"TABISSO","url":"https:\/\/tabisso.com\/","logo":{"@type":"ImageObject","inLanguage":"fr-FR","@id":"https:\/\/tabisso.com\/#\/schema\/logo\/image\/","url":"https:\/\/www.tabisso.com\/wp-content\/uploads\/2015\/12\/wp-logo-tabisso.png","contentUrl":"https:\/\/www.tabisso.com\/wp-content\/uploads\/2015\/12\/wp-logo-tabisso.png","width":768,"height":160,"caption":"TABISSO"},"image":{"@id":"https:\/\/tabisso.com\/#\/schema\/logo\/image\/"}}]}},"_links":{"self":[{"href":"https:\/\/tabisso.com\/fr\/wp-json\/wp\/v2\/pages\/247"}],"collection":[{"href":"https:\/\/tabisso.com\/fr\/wp-json\/wp\/v2\/pages"}],"about":[{"href":"https:\/\/tabisso.com\/fr\/wp-json\/wp\/v2\/types\/page"}],"author":[{"embeddable":true,"href":"https:\/\/tabisso.com\/fr\/wp-json\/wp\/v2\/users\/1"}],"replies":[{"embeddable":true,"href":"https:\/\/tabisso.com\/fr\/wp-json\/wp\/v2\/comments?post=247"}],"version-history":[{"count":0,"href":"https:\/\/tabisso.com\/fr\/wp-json\/wp\/v2\/pages\/247\/revisions"}],"wp:attachment":[{"href":"https:\/\/tabisso.com\/fr\/wp-json\/wp\/v2\/media?parent=247"}],"curies":[{"name":"wp","href":"https:\/\/api.w.org\/{rel}","templated":true}]}}