{"id":321,"date":"2016-01-24T22:02:40","date_gmt":"2016-01-24T21:02:40","guid":{"rendered":"http:\/\/www.tabisso.com\/fr\/?page_id=321"},"modified":"2024-10-03T10:15:00","modified_gmt":"2024-10-03T08:15:00","slug":"ressources","status":"publish","type":"page","link":"https:\/\/tabisso.com\/fr\/ressources\/","title":{"rendered":"Ressources"},"content":{"rendered":"<h2>Ici vous trouverez toutes les ressources disponibles au t\u00e9l\u00e9chargement. <a href=\"https:\/\/tabisso.com\/fr\/contact\/\">N&rsquo;h\u00e9sitez pas \u00e0 nous contacter<\/a>\u00a0pour obtenir votre code d&rsquo;acc\u00e8s aux contenus prot\u00e9g\u00e9s, ou pour toute question.<\/h2>\n","protected":false},"excerpt":{"rendered":"<p>Ici vous trouverez toutes les ressources disponibles au t\u00e9l\u00e9chargement. N&rsquo;h\u00e9sitez pas \u00e0 nous contacter\u00a0pour obtenir votre code d&rsquo;acc\u00e8s aux contenus&#8230;<\/p>\n","protected":false},"author":1,"featured_media":0,"parent":0,"menu_order":14,"comment_status":"closed","ping_status":"closed","template":"tm-resources.php","meta":{"passster_activate_protection":null,"passster_protect_child_pages":"","passster_protection_type":"password","passster_password":"","passster_activate_overwrite_defaults":"","passster_headline":"","passster_instruction":"","passster_placeholder":"","passster_button":"","passster_id":"","passster_activate_misc_settings":"","passster_redirect_url":"","passster_hide":"no","passster_area_shortcode":""},"acf":[],"yoast_head":"<!-- This site is optimized with the Yoast SEO plugin v20.1 - https:\/\/yoast.com\/wordpress\/plugins\/seo\/ -->\n<title>Ressources &ndash; TABISSO<\/title>\n<meta name=\"robots\" content=\"index, follow, max-snippet:-1, max-image-preview:large, max-video-preview:-1\" \/>\n<link rel=\"canonical\" href=\"https:\/\/tabisso.com\/fr\/ressources\/\" \/>\n<meta property=\"og:locale\" content=\"fr_FR\" \/>\n<meta property=\"og:type\" content=\"article\" \/>\n<meta property=\"og:title\" content=\"Ressources &ndash; TABISSO\" \/>\n<meta property=\"og:description\" content=\"Ici vous trouverez toutes les ressources disponibles au t\u00e9l\u00e9chargement. N&rsquo;h\u00e9sitez pas \u00e0 nous contacter\u00a0pour obtenir votre code d&rsquo;acc\u00e8s aux contenus...\" \/>\n<meta property=\"og:url\" content=\"https:\/\/tabisso.com\/fr\/ressources\/\" \/>\n<meta property=\"og:site_name\" content=\"TABISSO\" \/>\n<meta property=\"article:modified_time\" content=\"2024-10-03T08:15:00+00:00\" \/>\n<meta name=\"twitter:card\" content=\"summary_large_image\" \/>\n<meta name=\"twitter:label1\" content=\"Dur\u00e9e de lecture estim\u00e9e\" \/>\n\t<meta name=\"twitter:data1\" content=\"1 minute\" \/>\n<script type=\"application\/ld+json\" class=\"yoast-schema-graph\">{\"@context\":\"https:\/\/schema.org\",\"@graph\":[{\"@type\":\"WebPage\",\"@id\":\"https:\/\/tabisso.com\/fr\/ressources\/\",\"url\":\"https:\/\/tabisso.com\/fr\/ressources\/\",\"name\":\"Ressources &ndash; TABISSO\",\"isPartOf\":{\"@id\":\"https:\/\/tabisso.com\/#website\"},\"datePublished\":\"2016-01-24T21:02:40+00:00\",\"dateModified\":\"2024-10-03T08:15:00+00:00\",\"breadcrumb\":{\"@id\":\"https:\/\/tabisso.com\/fr\/ressources\/#breadcrumb\"},\"inLanguage\":\"fr-FR\",\"potentialAction\":[{\"@type\":\"ReadAction\",\"target\":[\"https:\/\/tabisso.com\/fr\/ressources\/\"]}]},{\"@type\":\"BreadcrumbList\",\"@id\":\"https:\/\/tabisso.com\/fr\/ressources\/#breadcrumb\",\"itemListElement\":[{\"@type\":\"ListItem\",\"position\":1,\"name\":\"Home\",\"item\":\"https:\/\/tabisso.com\/fr\/\"},{\"@type\":\"ListItem\",\"position\":2,\"name\":\"Ressources\"}]},{\"@type\":\"WebSite\",\"@id\":\"https:\/\/tabisso.com\/#website\",\"url\":\"https:\/\/tabisso.com\/\",\"name\":\"TABISSO\",\"description\":\"Bienvenue \u00e0 notre monde de design de qualit\u00e9 o\u00f9 le confort et l'innovation priment. Made in France.\",\"publisher\":{\"@id\":\"https:\/\/tabisso.com\/#organization\"},\"potentialAction\":[{\"@type\":\"SearchAction\",\"target\":{\"@type\":\"EntryPoint\",\"urlTemplate\":\"https:\/\/tabisso.com\/?s={search_term_string}\"},\"query-input\":\"required name=search_term_string\"}],\"inLanguage\":\"fr-FR\"},{\"@type\":\"Organization\",\"@id\":\"https:\/\/tabisso.com\/#organization\",\"name\":\"TABISSO\",\"url\":\"https:\/\/tabisso.com\/\",\"logo\":{\"@type\":\"ImageObject\",\"inLanguage\":\"fr-FR\",\"@id\":\"https:\/\/tabisso.com\/#\/schema\/logo\/image\/\",\"url\":\"https:\/\/www.tabisso.com\/wp-content\/uploads\/2015\/12\/wp-logo-tabisso.png\",\"contentUrl\":\"https:\/\/www.tabisso.com\/wp-content\/uploads\/2015\/12\/wp-logo-tabisso.png\",\"width\":768,\"height\":160,\"caption\":\"TABISSO\"},\"image\":{\"@id\":\"https:\/\/tabisso.com\/#\/schema\/logo\/image\/\"}}]}<\/script>\n<!-- \/ Yoast SEO plugin. -->","yoast_head_json":{"title":"Ressources &ndash; TABISSO","robots":{"index":"index","follow":"follow","max-snippet":"max-snippet:-1","max-image-preview":"max-image-preview:large","max-video-preview":"max-video-preview:-1"},"canonical":"https:\/\/tabisso.com\/fr\/ressources\/","og_locale":"fr_FR","og_type":"article","og_title":"Ressources &ndash; TABISSO","og_description":"Ici vous trouverez toutes les ressources disponibles au t\u00e9l\u00e9chargement. N&rsquo;h\u00e9sitez pas \u00e0 nous contacter\u00a0pour obtenir votre code d&rsquo;acc\u00e8s aux contenus...","og_url":"https:\/\/tabisso.com\/fr\/ressources\/","og_site_name":"TABISSO","article_modified_time":"2024-10-03T08:15:00+00:00","twitter_card":"summary_large_image","twitter_misc":{"Dur\u00e9e de lecture estim\u00e9e":"1 minute"},"schema":{"@context":"https:\/\/schema.org","@graph":[{"@type":"WebPage","@id":"https:\/\/tabisso.com\/fr\/ressources\/","url":"https:\/\/tabisso.com\/fr\/ressources\/","name":"Ressources &ndash; TABISSO","isPartOf":{"@id":"https:\/\/tabisso.com\/#website"},"datePublished":"2016-01-24T21:02:40+00:00","dateModified":"2024-10-03T08:15:00+00:00","breadcrumb":{"@id":"https:\/\/tabisso.com\/fr\/ressources\/#breadcrumb"},"inLanguage":"fr-FR","potentialAction":[{"@type":"ReadAction","target":["https:\/\/tabisso.com\/fr\/ressources\/"]}]},{"@type":"BreadcrumbList","@id":"https:\/\/tabisso.com\/fr\/ressources\/#breadcrumb","itemListElement":[{"@type":"ListItem","position":1,"name":"Home","item":"https:\/\/tabisso.com\/fr\/"},{"@type":"ListItem","position":2,"name":"Ressources"}]},{"@type":"WebSite","@id":"https:\/\/tabisso.com\/#website","url":"https:\/\/tabisso.com\/","name":"TABISSO","description":"Bienvenue \u00e0 notre monde de design de qualit\u00e9 o\u00f9 le confort et l'innovation priment. Made in France.","publisher":{"@id":"https:\/\/tabisso.com\/#organization"},"potentialAction":[{"@type":"SearchAction","target":{"@type":"EntryPoint","urlTemplate":"https:\/\/tabisso.com\/?s={search_term_string}"},"query-input":"required name=search_term_string"}],"inLanguage":"fr-FR"},{"@type":"Organization","@id":"https:\/\/tabisso.com\/#organization","name":"TABISSO","url":"https:\/\/tabisso.com\/","logo":{"@type":"ImageObject","inLanguage":"fr-FR","@id":"https:\/\/tabisso.com\/#\/schema\/logo\/image\/","url":"https:\/\/www.tabisso.com\/wp-content\/uploads\/2015\/12\/wp-logo-tabisso.png","contentUrl":"https:\/\/www.tabisso.com\/wp-content\/uploads\/2015\/12\/wp-logo-tabisso.png","width":768,"height":160,"caption":"TABISSO"},"image":{"@id":"https:\/\/tabisso.com\/#\/schema\/logo\/image\/"}}]}},"_links":{"self":[{"href":"https:\/\/tabisso.com\/fr\/wp-json\/wp\/v2\/pages\/321"}],"collection":[{"href":"https:\/\/tabisso.com\/fr\/wp-json\/wp\/v2\/pages"}],"about":[{"href":"https:\/\/tabisso.com\/fr\/wp-json\/wp\/v2\/types\/page"}],"author":[{"embeddable":true,"href":"https:\/\/tabisso.com\/fr\/wp-json\/wp\/v2\/users\/1"}],"replies":[{"embeddable":true,"href":"https:\/\/tabisso.com\/fr\/wp-json\/wp\/v2\/comments?post=321"}],"version-history":[{"count":0,"href":"https:\/\/tabisso.com\/fr\/wp-json\/wp\/v2\/pages\/321\/revisions"}],"wp:attachment":[{"href":"https:\/\/tabisso.com\/fr\/wp-json\/wp\/v2\/media?parent=321"}],"curies":[{"name":"wp","href":"https:\/\/api.w.org\/{rel}","templated":true}]}}