{"id":5524,"date":"2018-09-12T18:32:05","date_gmt":"2018-09-12T16:32:05","guid":{"rendered":"https:\/\/www.tabisso.com\/?page_id=5524\/"},"modified":"2023-01-30T15:10:41","modified_gmt":"2023-01-30T14:10:41","slug":"production-sur-mesure","status":"publish","type":"page","link":"https:\/\/tabisso.com\/fr\/production-sur-mesure\/","title":{"rendered":"Sur-mesure"},"content":{"rendered":"<p>TABISSO vous accompagne dans vos projets d&rsquo;agencement et de cr\u00e9ation de mobilier au design sp\u00e9cifique pour des lieux uniques. Nous menons \u00e0 bien vos projets de la phase de conception au prototypage jusqu&rsquo;\u00e0 l&rsquo;industrialisation et l&rsquo;installation.<\/p>\n","protected":false},"excerpt":{"rendered":"<p>TABISSO vous accompagne dans vos projets d&rsquo;agencement et de cr\u00e9ation de mobilier au design sp\u00e9cifique pour des lieux uniques. Nous&#8230;<\/p>\n","protected":false},"author":1,"featured_media":0,"parent":0,"menu_order":5,"comment_status":"closed","ping_status":"closed","template":"tm-feature-page.php","meta":{"passster_activate_protection":null,"passster_protect_child_pages":"","passster_protection_type":"password","passster_password":"","passster_activate_overwrite_defaults":"","passster_headline":"","passster_instruction":"","passster_placeholder":"","passster_button":"","passster_id":"","passster_activate_misc_settings":"","passster_redirect_url":"","passster_hide":"no","passster_area_shortcode":""},"acf":[],"yoast_head":"<!-- This site is optimized with the Yoast SEO plugin v20.1 - https:\/\/yoast.com\/wordpress\/plugins\/seo\/ -->\n<title>Sur-mesure &ndash; TABISSO<\/title>\n<meta name=\"description\" content=\"Agencement et mobilier sur-mesure - Nous travaillons en \u00e9troite collaboration avec vous pour des r\u00e9sultats qualitatifs livr\u00e9s dans les d\u00e9lais et le budget \u00e9tablis.\" \/>\n<meta name=\"robots\" content=\"index, follow, max-snippet:-1, max-image-preview:large, max-video-preview:-1\" \/>\n<link rel=\"canonical\" href=\"https:\/\/tabisso.com\/fr\/production-sur-mesure\/\" \/>\n<meta property=\"og:locale\" content=\"fr_FR\" \/>\n<meta property=\"og:type\" content=\"article\" \/>\n<meta property=\"og:title\" content=\"Sur-mesure &ndash; TABISSO\" \/>\n<meta property=\"og:description\" content=\"Agencement et mobilier sur-mesure - Nous travaillons en \u00e9troite collaboration avec vous pour des r\u00e9sultats qualitatifs livr\u00e9s dans les d\u00e9lais et le budget \u00e9tablis.\" \/>\n<meta property=\"og:url\" content=\"https:\/\/tabisso.com\/fr\/production-sur-mesure\/\" \/>\n<meta property=\"og:site_name\" content=\"TABISSO\" \/>\n<meta property=\"article:modified_time\" content=\"2023-01-30T14:10:41+00:00\" \/>\n<meta name=\"twitter:card\" content=\"summary_large_image\" \/>\n<script type=\"application\/ld+json\" class=\"yoast-schema-graph\">{\"@context\":\"https:\/\/schema.org\",\"@graph\":[{\"@type\":\"WebPage\",\"@id\":\"https:\/\/tabisso.com\/fr\/production-sur-mesure\/\",\"url\":\"https:\/\/tabisso.com\/fr\/production-sur-mesure\/\",\"name\":\"Sur-mesure &ndash; TABISSO\",\"isPartOf\":{\"@id\":\"https:\/\/tabisso.com\/#website\"},\"datePublished\":\"2018-09-12T16:32:05+00:00\",\"dateModified\":\"2023-01-30T14:10:41+00:00\",\"description\":\"Agencement et mobilier sur-mesure - Nous travaillons en \u00e9troite collaboration avec vous pour des r\u00e9sultats qualitatifs livr\u00e9s dans les d\u00e9lais et le budget \u00e9tablis.\",\"breadcrumb\":{\"@id\":\"https:\/\/tabisso.com\/fr\/production-sur-mesure\/#breadcrumb\"},\"inLanguage\":\"fr-FR\",\"potentialAction\":[{\"@type\":\"ReadAction\",\"target\":[\"https:\/\/tabisso.com\/fr\/production-sur-mesure\/\"]}]},{\"@type\":\"BreadcrumbList\",\"@id\":\"https:\/\/tabisso.com\/fr\/production-sur-mesure\/#breadcrumb\",\"itemListElement\":[{\"@type\":\"ListItem\",\"position\":1,\"name\":\"Home\",\"item\":\"https:\/\/tabisso.com\/fr\/\"},{\"@type\":\"ListItem\",\"position\":2,\"name\":\"Sur-mesure\"}]},{\"@type\":\"WebSite\",\"@id\":\"https:\/\/tabisso.com\/#website\",\"url\":\"https:\/\/tabisso.com\/\",\"name\":\"TABISSO\",\"description\":\"Bienvenue \u00e0 notre monde de design de qualit\u00e9 o\u00f9 le confort et l'innovation priment. Made in France.\",\"publisher\":{\"@id\":\"https:\/\/tabisso.com\/#organization\"},\"potentialAction\":[{\"@type\":\"SearchAction\",\"target\":{\"@type\":\"EntryPoint\",\"urlTemplate\":\"https:\/\/tabisso.com\/?s={search_term_string}\"},\"query-input\":\"required name=search_term_string\"}],\"inLanguage\":\"fr-FR\"},{\"@type\":\"Organization\",\"@id\":\"https:\/\/tabisso.com\/#organization\",\"name\":\"TABISSO\",\"url\":\"https:\/\/tabisso.com\/\",\"logo\":{\"@type\":\"ImageObject\",\"inLanguage\":\"fr-FR\",\"@id\":\"https:\/\/tabisso.com\/#\/schema\/logo\/image\/\",\"url\":\"https:\/\/www.tabisso.com\/wp-content\/uploads\/2015\/12\/wp-logo-tabisso.png\",\"contentUrl\":\"https:\/\/www.tabisso.com\/wp-content\/uploads\/2015\/12\/wp-logo-tabisso.png\",\"width\":768,\"height\":160,\"caption\":\"TABISSO\"},\"image\":{\"@id\":\"https:\/\/tabisso.com\/#\/schema\/logo\/image\/\"}}]}<\/script>\n<!-- \/ Yoast SEO plugin. -->","yoast_head_json":{"title":"Sur-mesure &ndash; TABISSO","description":"Agencement et mobilier sur-mesure - Nous travaillons en \u00e9troite collaboration avec vous pour des r\u00e9sultats qualitatifs livr\u00e9s dans les d\u00e9lais et le budget \u00e9tablis.","robots":{"index":"index","follow":"follow","max-snippet":"max-snippet:-1","max-image-preview":"max-image-preview:large","max-video-preview":"max-video-preview:-1"},"canonical":"https:\/\/tabisso.com\/fr\/production-sur-mesure\/","og_locale":"fr_FR","og_type":"article","og_title":"Sur-mesure &ndash; TABISSO","og_description":"Agencement et mobilier sur-mesure - Nous travaillons en \u00e9troite collaboration avec vous pour des r\u00e9sultats qualitatifs livr\u00e9s dans les d\u00e9lais et le budget \u00e9tablis.","og_url":"https:\/\/tabisso.com\/fr\/production-sur-mesure\/","og_site_name":"TABISSO","article_modified_time":"2023-01-30T14:10:41+00:00","twitter_card":"summary_large_image","schema":{"@context":"https:\/\/schema.org","@graph":[{"@type":"WebPage","@id":"https:\/\/tabisso.com\/fr\/production-sur-mesure\/","url":"https:\/\/tabisso.com\/fr\/production-sur-mesure\/","name":"Sur-mesure &ndash; TABISSO","isPartOf":{"@id":"https:\/\/tabisso.com\/#website"},"datePublished":"2018-09-12T16:32:05+00:00","dateModified":"2023-01-30T14:10:41+00:00","description":"Agencement et mobilier sur-mesure - Nous travaillons en \u00e9troite collaboration avec vous pour des r\u00e9sultats qualitatifs livr\u00e9s dans les d\u00e9lais et le budget \u00e9tablis.","breadcrumb":{"@id":"https:\/\/tabisso.com\/fr\/production-sur-mesure\/#breadcrumb"},"inLanguage":"fr-FR","potentialAction":[{"@type":"ReadAction","target":["https:\/\/tabisso.com\/fr\/production-sur-mesure\/"]}]},{"@type":"BreadcrumbList","@id":"https:\/\/tabisso.com\/fr\/production-sur-mesure\/#breadcrumb","itemListElement":[{"@type":"ListItem","position":1,"name":"Home","item":"https:\/\/tabisso.com\/fr\/"},{"@type":"ListItem","position":2,"name":"Sur-mesure"}]},{"@type":"WebSite","@id":"https:\/\/tabisso.com\/#website","url":"https:\/\/tabisso.com\/","name":"TABISSO","description":"Bienvenue \u00e0 notre monde de design de qualit\u00e9 o\u00f9 le confort et l'innovation priment. Made in France.","publisher":{"@id":"https:\/\/tabisso.com\/#organization"},"potentialAction":[{"@type":"SearchAction","target":{"@type":"EntryPoint","urlTemplate":"https:\/\/tabisso.com\/?s={search_term_string}"},"query-input":"required name=search_term_string"}],"inLanguage":"fr-FR"},{"@type":"Organization","@id":"https:\/\/tabisso.com\/#organization","name":"TABISSO","url":"https:\/\/tabisso.com\/","logo":{"@type":"ImageObject","inLanguage":"fr-FR","@id":"https:\/\/tabisso.com\/#\/schema\/logo\/image\/","url":"https:\/\/www.tabisso.com\/wp-content\/uploads\/2015\/12\/wp-logo-tabisso.png","contentUrl":"https:\/\/www.tabisso.com\/wp-content\/uploads\/2015\/12\/wp-logo-tabisso.png","width":768,"height":160,"caption":"TABISSO"},"image":{"@id":"https:\/\/tabisso.com\/#\/schema\/logo\/image\/"}}]}},"_links":{"self":[{"href":"https:\/\/tabisso.com\/fr\/wp-json\/wp\/v2\/pages\/5524"}],"collection":[{"href":"https:\/\/tabisso.com\/fr\/wp-json\/wp\/v2\/pages"}],"about":[{"href":"https:\/\/tabisso.com\/fr\/wp-json\/wp\/v2\/types\/page"}],"author":[{"embeddable":true,"href":"https:\/\/tabisso.com\/fr\/wp-json\/wp\/v2\/users\/1"}],"replies":[{"embeddable":true,"href":"https:\/\/tabisso.com\/fr\/wp-json\/wp\/v2\/comments?post=5524"}],"version-history":[{"count":0,"href":"https:\/\/tabisso.com\/fr\/wp-json\/wp\/v2\/pages\/5524\/revisions"}],"wp:attachment":[{"href":"https:\/\/tabisso.com\/fr\/wp-json\/wp\/v2\/media?parent=5524"}],"curies":[{"name":"wp","href":"https:\/\/api.w.org\/{rel}","templated":true}]}}